{"id":498,"date":"2024-01-02T16:45:13","date_gmt":"2024-01-02T15:45:13","guid":{"rendered":"https:\/\/ws.danielmydlarz.pl\/homepage\/"},"modified":"2025-10-27T17:01:09","modified_gmt":"2025-10-27T16:01:09","slug":"homepage","status":"publish","type":"page","link":"https:\/\/wisniowsky.nl\/nl\/","title":{"rendered":"Homepage"},"content":{"rendered":"","protected":false},"excerpt":{"rendered":"","protected":false},"author":1,"featured_media":0,"parent":0,"menu_order":0,"comment_status":"closed","ping_status":"closed","template":"","meta":{"_acf_changed":false,"inline_featured_image":false,"footnotes":""},"class_list":["post-498","page","type-page","status-publish","hentry"],"acf":[],"yoast_head":"<!-- This site is optimized with the Yoast SEO Premium plugin v27.1 (Yoast SEO v27.4) - https:\/\/yoast.com\/product\/yoast-seo-premium-wordpress\/ -->\n<title>Bedrijfsboekhouding in Nederland - waarom het telt?<\/title>\n<meta name=\"description\" content=\"Dutch accounting services voor ZZP\u2019ers en bedrijven met transparante prijzen, belastingondersteuning en een betrouwbare accountant in Nederland.\" \/>\n<meta name=\"robots\" content=\"index, follow, max-snippet:-1, max-image-preview:large, max-video-preview:-1\" \/>\n<link rel=\"canonical\" href=\"https:\/\/wisniowsky.nl\/nl\/\" \/>\n<meta property=\"og:locale\" content=\"nl_NL\" \/>\n<meta property=\"og:type\" content=\"article\" \/>\n<meta property=\"og:title\" content=\"Professionele bedrijfsboekhouding in Nederland - Waarom onze hulp gebruiken?\" \/>\n<meta property=\"og:description\" content=\"Het gebruik van onze boekhouddiensten garandeert naleving, belastingoptimalisatie, nauwkeurige financi\u00eble rapportage en effectief kostenbeheer. Ons team van experts helpt je om je te concentreren op de groei van je bedrijf en zorgt voor gemoedsrust en financi\u00eble zekerheid voor je bedrijf in Nederland.\" \/>\n<meta property=\"og:url\" content=\"https:\/\/wisniowsky.nl\/nl\/\" \/>\n<meta property=\"og:site_name\" content=\"Wisniowsky Administratiekantoor\" \/>\n<meta property=\"article:publisher\" content=\"https:\/\/m.facebook.com\/p\/Wisniowsky-Administratiekantoor-100057598202710\/\" \/>\n<meta property=\"article:modified_time\" content=\"2025-10-27T16:01:09+00:00\" \/>\n<meta property=\"og:image\" content=\"https:\/\/wisniowsky.nl\/wp-content\/uploads\/2024\/01\/home-why.webp\" \/>\n<meta name=\"twitter:card\" content=\"summary_large_image\" \/>\n<meta name=\"twitter:title\" content=\"Homepage\" \/>\n<script type=\"application\/ld+json\" class=\"yoast-schema-graph\">{\"@context\":\"https:\\\/\\\/schema.org\",\"@graph\":[{\"@type\":\"WebPage\",\"@id\":\"https:\\\/\\\/wisniowsky.nl\\\/nl\\\/\",\"url\":\"https:\\\/\\\/wisniowsky.nl\\\/nl\\\/\",\"name\":\"Bedrijfsboekhouding in Nederland - waarom het telt?\",\"isPartOf\":{\"@id\":\"https:\\\/\\\/wisniowsky.nl\\\/nl\\\/#website\"},\"datePublished\":\"2024-01-02T15:45:13+00:00\",\"dateModified\":\"2025-10-27T16:01:09+00:00\",\"description\":\"Dutch accounting services voor ZZP\u2019ers en bedrijven met transparante prijzen, belastingondersteuning en een betrouwbare accountant in Nederland.\",\"breadcrumb\":{\"@id\":\"https:\\\/\\\/wisniowsky.nl\\\/nl\\\/#breadcrumb\"},\"inLanguage\":\"nl-NL\",\"potentialAction\":[{\"@type\":\"ReadAction\",\"target\":[\"https:\\\/\\\/wisniowsky.nl\\\/nl\\\/\"]}]},{\"@type\":\"BreadcrumbList\",\"@id\":\"https:\\\/\\\/wisniowsky.nl\\\/nl\\\/#breadcrumb\",\"itemListElement\":[{\"@type\":\"ListItem\",\"position\":1,\"name\":\"Strona g\u0142\u00f3wna\",\"item\":\"https:\\\/\\\/wisniowsky.nl\\\/nl\\\/\"},{\"@type\":\"ListItem\",\"position\":2,\"name\":\"Home\"}]},{\"@type\":\"WebSite\",\"@id\":\"https:\\\/\\\/wisniowsky.nl\\\/nl\\\/#website\",\"url\":\"https:\\\/\\\/wisniowsky.nl\\\/nl\\\/\",\"name\":\"Wisniowsky Administratiekantoor\",\"description\":\"Wszystkie Twoje sprawy w jednym miejscu.\",\"publisher\":{\"@id\":\"https:\\\/\\\/wisniowsky.nl\\\/nl\\\/#organization\"},\"alternateName\":\"Ksi\u0119gowo\u015b\u0107 Holandia\",\"potentialAction\":[{\"@type\":\"SearchAction\",\"target\":{\"@type\":\"EntryPoint\",\"urlTemplate\":\"https:\\\/\\\/wisniowsky.nl\\\/nl\\\/?s={search_term_string}\"},\"query-input\":{\"@type\":\"PropertyValueSpecification\",\"valueRequired\":true,\"valueName\":\"search_term_string\"}}],\"inLanguage\":\"nl-NL\"},{\"@type\":\"Organization\",\"@id\":\"https:\\\/\\\/wisniowsky.nl\\\/nl\\\/#organization\",\"name\":\"Wisniowsky Administratiekantoor\",\"alternateName\":\"Ksi\u0119gowo\u015b\u0107 Holandia\",\"url\":\"https:\\\/\\\/wisniowsky.nl\\\/nl\\\/\",\"logo\":{\"@type\":\"ImageObject\",\"inLanguage\":\"nl-NL\",\"@id\":\"https:\\\/\\\/wisniowsky.nl\\\/nl\\\/#\\\/schema\\\/logo\\\/image\\\/\",\"url\":\"https:\\\/\\\/i0.wp.com\\\/wisniowsky.nl\\\/wp-content\\\/uploads\\\/2024\\\/05\\\/cropped-favicon512.png?fit=512%2C512&quality=80&ssl=1\",\"contentUrl\":\"https:\\\/\\\/i0.wp.com\\\/wisniowsky.nl\\\/wp-content\\\/uploads\\\/2024\\\/05\\\/cropped-favicon512.png?fit=512%2C512&quality=80&ssl=1\",\"width\":512,\"height\":512,\"caption\":\"Wisniowsky Administratiekantoor\"},\"image\":{\"@id\":\"https:\\\/\\\/wisniowsky.nl\\\/nl\\\/#\\\/schema\\\/logo\\\/image\\\/\"},\"sameAs\":[\"https:\\\/\\\/m.facebook.com\\\/p\\\/Wisniowsky-Administratiekantoor-100057598202710\\\/\",\"https:\\\/\\\/www.instagram.com\\\/waknl\\\/\"],\"description\":\"Ksi\u0119gowo\u015b\u0107 firm w Holandii\",\"email\":\"info@wisniowsky.nl\",\"telephone\":\"0851307210\",\"legalName\":\"Wisniowsky Administratiekantoor\",\"foundingDate\":\"2015-02-05\",\"numberOfEmployees\":{\"@type\":\"QuantitativeValue\",\"minValue\":\"1\",\"maxValue\":\"10\"}}]}<\/script>\n<!-- \/ Yoast SEO Premium plugin. -->","yoast_head_json":{"title":"Bedrijfsboekhouding in Nederland - waarom het telt?","description":"Dutch accounting services voor ZZP\u2019ers en bedrijven met transparante prijzen, belastingondersteuning en een betrouwbare accountant in Nederland.","robots":{"index":"index","follow":"follow","max-snippet":"max-snippet:-1","max-image-preview":"max-image-preview:large","max-video-preview":"max-video-preview:-1"},"canonical":"https:\/\/wisniowsky.nl\/nl\/","og_locale":"nl_NL","og_type":"article","og_title":"Professionele bedrijfsboekhouding in Nederland - Waarom onze hulp gebruiken?","og_description":"Het gebruik van onze boekhouddiensten garandeert naleving, belastingoptimalisatie, nauwkeurige financi\u00eble rapportage en effectief kostenbeheer. Ons team van experts helpt je om je te concentreren op de groei van je bedrijf en zorgt voor gemoedsrust en financi\u00eble zekerheid voor je bedrijf in Nederland.","og_url":"https:\/\/wisniowsky.nl\/nl\/","og_site_name":"Wisniowsky Administratiekantoor","article_publisher":"https:\/\/m.facebook.com\/p\/Wisniowsky-Administratiekantoor-100057598202710\/","article_modified_time":"2025-10-27T16:01:09+00:00","og_image":[{"url":"https:\/\/wisniowsky.nl\/wp-content\/uploads\/2024\/01\/home-why.webp","type":"","width":"","height":""}],"twitter_card":"summary_large_image","twitter_title":"Homepage","schema":{"@context":"https:\/\/schema.org","@graph":[{"@type":"WebPage","@id":"https:\/\/wisniowsky.nl\/nl\/","url":"https:\/\/wisniowsky.nl\/nl\/","name":"Bedrijfsboekhouding in Nederland - waarom het telt?","isPartOf":{"@id":"https:\/\/wisniowsky.nl\/nl\/#website"},"datePublished":"2024-01-02T15:45:13+00:00","dateModified":"2025-10-27T16:01:09+00:00","description":"Dutch accounting services voor ZZP\u2019ers en bedrijven met transparante prijzen, belastingondersteuning en een betrouwbare accountant in Nederland.","breadcrumb":{"@id":"https:\/\/wisniowsky.nl\/nl\/#breadcrumb"},"inLanguage":"nl-NL","potentialAction":[{"@type":"ReadAction","target":["https:\/\/wisniowsky.nl\/nl\/"]}]},{"@type":"BreadcrumbList","@id":"https:\/\/wisniowsky.nl\/nl\/#breadcrumb","itemListElement":[{"@type":"ListItem","position":1,"name":"Strona g\u0142\u00f3wna","item":"https:\/\/wisniowsky.nl\/nl\/"},{"@type":"ListItem","position":2,"name":"Home"}]},{"@type":"WebSite","@id":"https:\/\/wisniowsky.nl\/nl\/#website","url":"https:\/\/wisniowsky.nl\/nl\/","name":"Wisniowsky Administratiekantoor","description":"Wszystkie Twoje sprawy w jednym miejscu.","publisher":{"@id":"https:\/\/wisniowsky.nl\/nl\/#organization"},"alternateName":"Ksi\u0119gowo\u015b\u0107 Holandia","potentialAction":[{"@type":"SearchAction","target":{"@type":"EntryPoint","urlTemplate":"https:\/\/wisniowsky.nl\/nl\/?s={search_term_string}"},"query-input":{"@type":"PropertyValueSpecification","valueRequired":true,"valueName":"search_term_string"}}],"inLanguage":"nl-NL"},{"@type":"Organization","@id":"https:\/\/wisniowsky.nl\/nl\/#organization","name":"Wisniowsky Administratiekantoor","alternateName":"Ksi\u0119gowo\u015b\u0107 Holandia","url":"https:\/\/wisniowsky.nl\/nl\/","logo":{"@type":"ImageObject","inLanguage":"nl-NL","@id":"https:\/\/wisniowsky.nl\/nl\/#\/schema\/logo\/image\/","url":"https:\/\/i0.wp.com\/wisniowsky.nl\/wp-content\/uploads\/2024\/05\/cropped-favicon512.png?fit=512%2C512&quality=80&ssl=1","contentUrl":"https:\/\/i0.wp.com\/wisniowsky.nl\/wp-content\/uploads\/2024\/05\/cropped-favicon512.png?fit=512%2C512&quality=80&ssl=1","width":512,"height":512,"caption":"Wisniowsky Administratiekantoor"},"image":{"@id":"https:\/\/wisniowsky.nl\/nl\/#\/schema\/logo\/image\/"},"sameAs":["https:\/\/m.facebook.com\/p\/Wisniowsky-Administratiekantoor-100057598202710\/","https:\/\/www.instagram.com\/waknl\/"],"description":"Ksi\u0119gowo\u015b\u0107 firm w Holandii","email":"info@wisniowsky.nl","telephone":"0851307210","legalName":"Wisniowsky Administratiekantoor","foundingDate":"2015-02-05","numberOfEmployees":{"@type":"QuantitativeValue","minValue":"1","maxValue":"10"}}]}},"_links":{"self":[{"href":"https:\/\/wisniowsky.nl\/nl\/wp-json\/wp\/v2\/pages\/498","targetHints":{"allow":["GET"]}}],"collection":[{"href":"https:\/\/wisniowsky.nl\/nl\/wp-json\/wp\/v2\/pages"}],"about":[{"href":"https:\/\/wisniowsky.nl\/nl\/wp-json\/wp\/v2\/types\/page"}],"author":[{"embeddable":true,"href":"https:\/\/wisniowsky.nl\/nl\/wp-json\/wp\/v2\/users\/1"}],"replies":[{"embeddable":true,"href":"https:\/\/wisniowsky.nl\/nl\/wp-json\/wp\/v2\/comments?post=498"}],"version-history":[{"count":2,"href":"https:\/\/wisniowsky.nl\/nl\/wp-json\/wp\/v2\/pages\/498\/revisions"}],"predecessor-version":[{"id":807,"href":"https:\/\/wisniowsky.nl\/nl\/wp-json\/wp\/v2\/pages\/498\/revisions\/807"}],"wp:attachment":[{"href":"https:\/\/wisniowsky.nl\/nl\/wp-json\/wp\/v2\/media?parent=498"}],"curies":[{"name":"wp","href":"https:\/\/api.w.org\/{rel}","templated":true}]}}