{"id":317,"date":"2023-08-04T14:22:21","date_gmt":"2023-08-04T12:22:21","guid":{"rendered":"https:\/\/localhost\/wisniowsky\/privacybeleid\/"},"modified":"2024-04-09T09:24:18","modified_gmt":"2024-04-09T07:24:18","slug":"privacybeleid","status":"publish","type":"page","link":"https:\/\/wisniowsky.nl\/nl\/privacybeleid\/","title":{"rendered":"Privacybeleid"},"content":{"rendered":"&#13;\n<h2 class=\"wp-block-heading\">Wie we zijn<\/h2>&#13;\n&#13;\n<p><strong class=\"privacy-policy-tutorial\">Voorgestelde tekst: <\/strong>Ons website adres is: https:\/\/wordpress-starter.justidea.dev.<\/p>&#13;\n&#13;\n<h2 class=\"wp-block-heading\">Reacties<\/h2>&#13;\n&#13;\n<p><strong class=\"privacy-policy-tutorial\">Voorgestelde tekst: <\/strong>Wanneer een bezoeker van de site een reactie achterlaat, verzamelen we de gegevens die zichtbaar zijn in het reactieformulier, evenals het IP-adres en de browserhandtekening van de bezoeker als hulpmiddel voor spamdetectie.<\/p>&#13;\n&#13;\n<p>De geanonimiseerde tekenreeks die van je e-mailadres wordt gemaakt (ook bekend als een hash) kan naar de Gravatar-service worden gestuurd om te controleren of deze wordt gebruikt. Het privacybeleid van de Gravatar-service is beschikbaar op: https:\/\/automattic.com\/privacy\/. Wanneer je een opmerking goedkeurt, is je profielfoto openbaar zichtbaar in de context van je opmerking.<\/p>&#13;\n&#13;\n<h2 class=\"wp-block-heading\">Media<\/h2>&#13;\n&#13;\n<p><strong class=\"privacy-policy-tutorial\">Voorgestelde tekst: <\/strong>Als je een geregistreerde gebruiker bent en afbeeldingen uploadt naar de site, moet je het uploaden van afbeeldingen met EXIF-locatietags vermijden. Bezoekers van de site kunnen de volledige locatiegegevens van afbeeldingen op de site downloaden en lezen.<\/p>&#13;\n&#13;\n<h2 class=\"wp-block-heading\">Cookies<\/h2>&#13;\n&#13;\n<p><strong class=\"privacy-policy-tutorial\">Voorgestelde tekst: <\/strong>Als u commentaar geeft op een site, kunt u ervoor kiezen om uw naam, e-mailadres en website op te slaan in cookies, zodat wanneer u verder commentaar geeft, de bovenstaande informatie al handig is ingevuld. Cookies verlopen na \u00e9\u00e9n jaar.<\/p>&#13;\n&#13;\n<p>Als u de inlogpagina bezoekt, maken we een tijdelijke cookie aan om te controleren of uw browser cookies accepteert. Het bevat geen persoonlijke gegevens en wordt verwijderd wanneer de browser wordt gesloten.<\/p>&#13;\n&#13;\n<p>Wanneer u inlogt, maken we bovendien een aantal cookies aan die nodig zijn om uw inloggegevens en geselecteerde schermopties op te slaan. Inlogcookies verlopen na twee dagen en schermopties na een jaar. Als u de optie &#8216;Onthoud mij&#8217; aanvinkt, verloopt de aanmelding na twee weken. Als u zich afmeldt bij uw account, worden uw aanmeldingscookies verwijderd.<\/p>&#13;\n&#13;\n<p>Als u een artikel wijzigt of publiceert, wordt er een extra cookie opgeslagen in uw browser. Deze cookie bevat geen persoonlijke gegevens en verwijst alleen naar de identifier van het zojuist bewerkte artikel. Deze verloopt na 1 dag.<\/p>&#13;\n&#13;\n<h2 class=\"wp-block-heading\">Inhoud van andere sites insluiten<\/h2>&#13;\n&#13;\n<p><strong class=\"privacy-policy-tutorial\">Voorgestelde tekst: <\/strong>Artikelen op deze site kunnen ingesloten inhoud bevatten (bijv. video&#8217;s, afbeeldingen, artikelen, enz.). Het insluiten van inhoud van andere sites gedraagt zich alsof de gebruiker een specifieke site rechtstreeks heeft bezocht.<\/p>&#13;\n&#13;\n<p>Sites kunnen informatie over u verzamelen, cookies gebruiken, extra volgsystemen van derden koppelen en uw interacties met ingesloten materiaal bijhouden, inclusief het bijhouden van uw interacties met ingesloten materiaal als u een account hebt en bent aangemeld bij die site.<\/p>&#13;\n&#13;\n<h2 class=\"wp-block-heading\">Met wie we gegevens delen<\/h2>&#13;\n&#13;\n<p><strong class=\"privacy-policy-tutorial\">Voorgestelde tekst: <\/strong>Als u een verzoek indient om uw wachtwoord opnieuw in te stellen, wordt uw IP-adres opgenomen in het bericht dat wordt verzonden.<\/p>&#13;\n&#13;\n<h2 class=\"wp-block-heading\">Hoe lang we uw gegevens bewaren<\/h2>&#13;\n&#13;\n<p><strong class=\"privacy-policy-tutorial\">Voorgestelde tekst: <\/strong>Als je een commentaar achterlaat, worden de inhoud en metadata voor onbepaalde tijd opgeslagen. Hierdoor kunnen we verdere opmerkingen automatisch herkennen en goedkeuren, zonder ze elke keer voor moderatie door te sturen.<\/p>&#13;\n&#13;\n<p>Voor gebruikers die zich op onze website hebben geregistreerd (indien van toepassing), slaan we ook de persoonlijke gegevens op die in het profiel zijn ingevoerd. Elke gebruiker kan op elk moment zijn persoonlijke gegevens bekijken, corrigeren of verwijderen (behalve de gebruikersnaam, die niet kan worden gewijzigd). Sitebeheerders kunnen deze informatie ook bekijken en wijzigen.<\/p>&#13;\n&#13;\n<h2 class=\"wp-block-heading\">Welke rechten heb je op je gegevens<\/h2>&#13;\n&#13;\n<p><strong class=\"privacy-policy-tutorial\">Voorgestelde tekst: <\/strong>Als u een gebruikersaccount hebt of opmerkingen hebt toegevoegd op deze site, kunt u een bestand aanvragen met een ge\u00ebxporteerde set van uw persoonlijke gegevens die in ons bezit zijn, inclusief alle gegevens die door u zijn verstrekt. U kunt ons ook verzoeken om al uw persoonlijke gegevens die in ons bezit zijn te verwijderen. Dit geldt niet voor gegevens die we om administratieve, juridische of veiligheidsredenen moeten bewaren.<\/p>&#13;\n&#13;\n<h2 class=\"wp-block-heading\">Waar we uw gegevens naartoe sturen<\/h2>&#13;\n&#13;\n<p><strong class=\"privacy-policy-tutorial\">Voorgestelde tekst: <\/strong>Reacties van gasten kunnen worden gecontroleerd door een geautomatiseerde spamdetectieservice.<\/p>&#13;\n","protected":false},"excerpt":{"rendered":"<p>&#13; Wie we zijn &#13; &#13; Voorgestelde tekst: Ons website adres is: https:\/\/wordpress-starter.justidea.dev. &#13; &#13; Reacties &#13; &#13; Voorgestelde tekst: Wanneer een bezoeker van de site een reactie achterlaat, verzamelen we de gegevens die zichtbaar zijn in het reactieformulier, evenals het IP-adres en de browserhandtekening van de bezoeker als hulpmiddel voor spamdetectie. &#13; &#13; De [&hellip;]<\/p>\n","protected":false},"author":1,"featured_media":0,"parent":0,"menu_order":0,"comment_status":"closed","ping_status":"open","template":"privacy-page.php","meta":{"_acf_changed":false,"inline_featured_image":false,"footnotes":""},"class_list":["post-317","page","type-page","status-publish","hentry"],"acf":[],"yoast_head":"<!-- This site is optimized with the Yoast SEO Premium plugin v27.1 (Yoast SEO v27.6) - https:\/\/yoast.com\/product\/yoast-seo-premium-wordpress\/ -->\n<title>Privacybeleid | wisniowsky.nl<\/title>\n<meta name=\"description\" content=\"Wisniowsky Administratiekantoor privacybeleid\" \/>\n<meta name=\"robots\" content=\"index, follow, max-snippet:-1, max-image-preview:large, max-video-preview:-1\" \/>\n<link rel=\"canonical\" href=\"https:\/\/wisniowsky.nl\/nl\/privacybeleid\/\" \/>\n<meta property=\"og:locale\" content=\"nl_NL\" \/>\n<meta property=\"og:type\" content=\"article\" \/>\n<meta property=\"og:title\" content=\"Privacybeleid\" \/>\n<meta property=\"og:description\" content=\"Wisniowsky Administratiekantoor privacybeleid\" \/>\n<meta property=\"og:url\" content=\"https:\/\/wisniowsky.nl\/nl\/privacybeleid\/\" \/>\n<meta property=\"og:site_name\" content=\"Wisniowsky Administratiekantoor\" \/>\n<meta property=\"article:publisher\" content=\"https:\/\/m.facebook.com\/p\/Wisniowsky-Administratiekantoor-100057598202710\/\" \/>\n<meta property=\"article:modified_time\" content=\"2024-04-09T07:24:18+00:00\" \/>\n<meta property=\"og:image\" content=\"https:\/\/i0.wp.com\/wisniowsky.nl\/wp-content\/uploads\/2024\/05\/favicon512.png?fit=512%2C512&ssl=1\" \/>\n\t<meta property=\"og:image:width\" content=\"512\" \/>\n\t<meta property=\"og:image:height\" content=\"512\" \/>\n\t<meta property=\"og:image:type\" content=\"image\/png\" \/>\n<meta name=\"twitter:card\" content=\"summary_large_image\" \/>\n<meta name=\"twitter:title\" content=\"Privacybeleid | wisniowsky.nl\" \/>\n<meta name=\"twitter:description\" content=\"Wisniowsky Administratiekantoor privacybeleid\" \/>\n<meta name=\"twitter:label1\" content=\"Geschatte leestijd\" \/>\n\t<meta name=\"twitter:data1\" content=\"3 minuten\" \/>\n<script type=\"application\/ld+json\" class=\"yoast-schema-graph\">{\"@context\":\"https:\\\/\\\/schema.org\",\"@graph\":[{\"@type\":\"WebPage\",\"@id\":\"https:\\\/\\\/wisniowsky.nl\\\/nl\\\/privacybeleid\\\/\",\"url\":\"https:\\\/\\\/wisniowsky.nl\\\/nl\\\/privacybeleid\\\/\",\"name\":\"Privacybeleid | wisniowsky.nl\",\"isPartOf\":{\"@id\":\"https:\\\/\\\/wisniowsky.nl\\\/nl\\\/#website\"},\"datePublished\":\"2023-08-04T12:22:21+00:00\",\"dateModified\":\"2024-04-09T07:24:18+00:00\",\"description\":\"Wisniowsky Administratiekantoor privacybeleid\",\"breadcrumb\":{\"@id\":\"https:\\\/\\\/wisniowsky.nl\\\/nl\\\/privacybeleid\\\/#breadcrumb\"},\"inLanguage\":\"nl-NL\",\"potentialAction\":[{\"@type\":\"ReadAction\",\"target\":[\"https:\\\/\\\/wisniowsky.nl\\\/nl\\\/privacybeleid\\\/\"]}]},{\"@type\":\"BreadcrumbList\",\"@id\":\"https:\\\/\\\/wisniowsky.nl\\\/nl\\\/privacybeleid\\\/#breadcrumb\",\"itemListElement\":[{\"@type\":\"ListItem\",\"position\":1,\"name\":\"Strona g\u0142\u00f3wna\",\"item\":\"https:\\\/\\\/wisniowsky.nl\\\/nl\\\/\"},{\"@type\":\"ListItem\",\"position\":2,\"name\":\"Privacybeleid\"}]},{\"@type\":\"WebSite\",\"@id\":\"https:\\\/\\\/wisniowsky.nl\\\/nl\\\/#website\",\"url\":\"https:\\\/\\\/wisniowsky.nl\\\/nl\\\/\",\"name\":\"Wisniowsky Administratiekantoor\",\"description\":\"Wszystkie Twoje sprawy w jednym miejscu.\",\"publisher\":{\"@id\":\"https:\\\/\\\/wisniowsky.nl\\\/nl\\\/#organization\"},\"alternateName\":\"Ksi\u0119gowo\u015b\u0107 Holandia\",\"potentialAction\":[{\"@type\":\"SearchAction\",\"target\":{\"@type\":\"EntryPoint\",\"urlTemplate\":\"https:\\\/\\\/wisniowsky.nl\\\/nl\\\/?s={search_term_string}\"},\"query-input\":{\"@type\":\"PropertyValueSpecification\",\"valueRequired\":true,\"valueName\":\"search_term_string\"}}],\"inLanguage\":\"nl-NL\"},{\"@type\":\"Organization\",\"@id\":\"https:\\\/\\\/wisniowsky.nl\\\/nl\\\/#organization\",\"name\":\"Wisniowsky Administratiekantoor\",\"alternateName\":\"Ksi\u0119gowo\u015b\u0107 Holandia\",\"url\":\"https:\\\/\\\/wisniowsky.nl\\\/nl\\\/\",\"logo\":{\"@type\":\"ImageObject\",\"inLanguage\":\"nl-NL\",\"@id\":\"https:\\\/\\\/wisniowsky.nl\\\/nl\\\/#\\\/schema\\\/logo\\\/image\\\/\",\"url\":\"https:\\\/\\\/i0.wp.com\\\/wisniowsky.nl\\\/wp-content\\\/uploads\\\/2024\\\/05\\\/cropped-favicon512.png?fit=512%2C512&quality=80&ssl=1\",\"contentUrl\":\"https:\\\/\\\/i0.wp.com\\\/wisniowsky.nl\\\/wp-content\\\/uploads\\\/2024\\\/05\\\/cropped-favicon512.png?fit=512%2C512&quality=80&ssl=1\",\"width\":512,\"height\":512,\"caption\":\"Wisniowsky Administratiekantoor\"},\"image\":{\"@id\":\"https:\\\/\\\/wisniowsky.nl\\\/nl\\\/#\\\/schema\\\/logo\\\/image\\\/\"},\"sameAs\":[\"https:\\\/\\\/m.facebook.com\\\/p\\\/Wisniowsky-Administratiekantoor-100057598202710\\\/\",\"https:\\\/\\\/www.instagram.com\\\/waknl\\\/\"],\"description\":\"Ksi\u0119gowo\u015b\u0107 firm w Holandii\",\"email\":\"info@wisniowsky.nl\",\"telephone\":\"0851307210\",\"legalName\":\"Wisniowsky Administratiekantoor\",\"foundingDate\":\"2015-02-05\",\"numberOfEmployees\":{\"@type\":\"QuantitativeValue\",\"minValue\":\"1\",\"maxValue\":\"10\"}}]}<\/script>\n<!-- \/ Yoast SEO Premium plugin. -->","yoast_head_json":{"title":"Privacybeleid | wisniowsky.nl","description":"Wisniowsky Administratiekantoor privacybeleid","robots":{"index":"index","follow":"follow","max-snippet":"max-snippet:-1","max-image-preview":"max-image-preview:large","max-video-preview":"max-video-preview:-1"},"canonical":"https:\/\/wisniowsky.nl\/nl\/privacybeleid\/","og_locale":"nl_NL","og_type":"article","og_title":"Privacybeleid","og_description":"Wisniowsky Administratiekantoor privacybeleid","og_url":"https:\/\/wisniowsky.nl\/nl\/privacybeleid\/","og_site_name":"Wisniowsky Administratiekantoor","article_publisher":"https:\/\/m.facebook.com\/p\/Wisniowsky-Administratiekantoor-100057598202710\/","article_modified_time":"2024-04-09T07:24:18+00:00","og_image":[{"width":512,"height":512,"url":"https:\/\/i0.wp.com\/wisniowsky.nl\/wp-content\/uploads\/2024\/05\/favicon512.png?fit=512%2C512&ssl=1","type":"image\/png"}],"twitter_card":"summary_large_image","twitter_title":"Privacybeleid | wisniowsky.nl","twitter_description":"Wisniowsky Administratiekantoor privacybeleid","twitter_misc":{"Geschatte leestijd":"3 minuten"},"schema":{"@context":"https:\/\/schema.org","@graph":[{"@type":"WebPage","@id":"https:\/\/wisniowsky.nl\/nl\/privacybeleid\/","url":"https:\/\/wisniowsky.nl\/nl\/privacybeleid\/","name":"Privacybeleid | wisniowsky.nl","isPartOf":{"@id":"https:\/\/wisniowsky.nl\/nl\/#website"},"datePublished":"2023-08-04T12:22:21+00:00","dateModified":"2024-04-09T07:24:18+00:00","description":"Wisniowsky Administratiekantoor privacybeleid","breadcrumb":{"@id":"https:\/\/wisniowsky.nl\/nl\/privacybeleid\/#breadcrumb"},"inLanguage":"nl-NL","potentialAction":[{"@type":"ReadAction","target":["https:\/\/wisniowsky.nl\/nl\/privacybeleid\/"]}]},{"@type":"BreadcrumbList","@id":"https:\/\/wisniowsky.nl\/nl\/privacybeleid\/#breadcrumb","itemListElement":[{"@type":"ListItem","position":1,"name":"Strona g\u0142\u00f3wna","item":"https:\/\/wisniowsky.nl\/nl\/"},{"@type":"ListItem","position":2,"name":"Privacybeleid"}]},{"@type":"WebSite","@id":"https:\/\/wisniowsky.nl\/nl\/#website","url":"https:\/\/wisniowsky.nl\/nl\/","name":"Wisniowsky Administratiekantoor","description":"Wszystkie Twoje sprawy w jednym miejscu.","publisher":{"@id":"https:\/\/wisniowsky.nl\/nl\/#organization"},"alternateName":"Ksi\u0119gowo\u015b\u0107 Holandia","potentialAction":[{"@type":"SearchAction","target":{"@type":"EntryPoint","urlTemplate":"https:\/\/wisniowsky.nl\/nl\/?s={search_term_string}"},"query-input":{"@type":"PropertyValueSpecification","valueRequired":true,"valueName":"search_term_string"}}],"inLanguage":"nl-NL"},{"@type":"Organization","@id":"https:\/\/wisniowsky.nl\/nl\/#organization","name":"Wisniowsky Administratiekantoor","alternateName":"Ksi\u0119gowo\u015b\u0107 Holandia","url":"https:\/\/wisniowsky.nl\/nl\/","logo":{"@type":"ImageObject","inLanguage":"nl-NL","@id":"https:\/\/wisniowsky.nl\/nl\/#\/schema\/logo\/image\/","url":"https:\/\/i0.wp.com\/wisniowsky.nl\/wp-content\/uploads\/2024\/05\/cropped-favicon512.png?fit=512%2C512&quality=80&ssl=1","contentUrl":"https:\/\/i0.wp.com\/wisniowsky.nl\/wp-content\/uploads\/2024\/05\/cropped-favicon512.png?fit=512%2C512&quality=80&ssl=1","width":512,"height":512,"caption":"Wisniowsky Administratiekantoor"},"image":{"@id":"https:\/\/wisniowsky.nl\/nl\/#\/schema\/logo\/image\/"},"sameAs":["https:\/\/m.facebook.com\/p\/Wisniowsky-Administratiekantoor-100057598202710\/","https:\/\/www.instagram.com\/waknl\/"],"description":"Ksi\u0119gowo\u015b\u0107 firm w Holandii","email":"info@wisniowsky.nl","telephone":"0851307210","legalName":"Wisniowsky Administratiekantoor","foundingDate":"2015-02-05","numberOfEmployees":{"@type":"QuantitativeValue","minValue":"1","maxValue":"10"}}]}},"_links":{"self":[{"href":"https:\/\/wisniowsky.nl\/nl\/wp-json\/wp\/v2\/pages\/317","targetHints":{"allow":["GET"]}}],"collection":[{"href":"https:\/\/wisniowsky.nl\/nl\/wp-json\/wp\/v2\/pages"}],"about":[{"href":"https:\/\/wisniowsky.nl\/nl\/wp-json\/wp\/v2\/types\/page"}],"author":[{"embeddable":true,"href":"https:\/\/wisniowsky.nl\/nl\/wp-json\/wp\/v2\/users\/1"}],"replies":[{"embeddable":true,"href":"https:\/\/wisniowsky.nl\/nl\/wp-json\/wp\/v2\/comments?post=317"}],"version-history":[{"count":1,"href":"https:\/\/wisniowsky.nl\/nl\/wp-json\/wp\/v2\/pages\/317\/revisions"}],"predecessor-version":[{"id":318,"href":"https:\/\/wisniowsky.nl\/nl\/wp-json\/wp\/v2\/pages\/317\/revisions\/318"}],"wp:attachment":[{"href":"https:\/\/wisniowsky.nl\/nl\/wp-json\/wp\/v2\/media?parent=317"}],"curies":[{"name":"wp","href":"https:\/\/api.w.org\/{rel}","templated":true}]}}