{"id":1431,"date":"2025-11-18T15:46:51","date_gmt":"2025-11-18T14:46:51","guid":{"rendered":"https:\/\/wisniowsky.nl\/over-ons\/"},"modified":"2025-11-27T22:10:01","modified_gmt":"2025-11-27T21:10:01","slug":"over-ons","status":"publish","type":"page","link":"https:\/\/wisniowsky.nl\/nl\/over-ons\/","title":{"rendered":"Over ons"},"content":{"rendered":"","protected":false},"excerpt":{"rendered":"","protected":false},"author":1,"featured_media":0,"parent":0,"menu_order":0,"comment_status":"closed","ping_status":"closed","template":"about-us.php","meta":{"_acf_changed":false,"inline_featured_image":false,"footnotes":""},"class_list":["post-1431","page","type-page","status-publish","hentry"],"acf":[],"yoast_head":"<!-- This site is optimized with the Yoast SEO Premium plugin v27.1 (Yoast SEO v27.3) - https:\/\/yoast.com\/product\/yoast-seo-premium-wordpress\/ -->\n<title>Over ons - Accountantskantoor in Nederland | Wisniowsky.nl<\/title>\n<meta name=\"description\" content=\"Wisniowsky.nl is een betrouwbaar administratiekantoor in Nederland met kantoor in Rotterdam. Wij bieden online boekhouding, advies en ondersteuning voor ZZP, BV- en VOF-bedrijven.\" \/>\n<meta name=\"robots\" content=\"index, follow, max-snippet:-1, max-image-preview:large, max-video-preview:-1\" \/>\n<link rel=\"canonical\" href=\"https:\/\/wisniowsky.nl\/nl\/over-ons\/\" \/>\n<meta property=\"og:locale\" content=\"nl_NL\" \/>\n<meta property=\"og:type\" content=\"article\" \/>\n<meta property=\"og:title\" content=\"Over ons\" \/>\n<meta property=\"og:description\" content=\"Wisniowsky.nl is een betrouwbaar administratiekantoor in Nederland met kantoor in Rotterdam. Wij bieden online boekhouding, advies en ondersteuning voor ZZP, BV- en VOF-bedrijven.\" \/>\n<meta property=\"og:url\" content=\"https:\/\/wisniowsky.nl\/nl\/over-ons\/\" \/>\n<meta property=\"og:site_name\" content=\"Wisniowsky Administratiekantoor\" \/>\n<meta property=\"article:publisher\" content=\"https:\/\/m.facebook.com\/p\/Wisniowsky-Administratiekantoor-100057598202710\/\" \/>\n<meta property=\"article:modified_time\" content=\"2025-11-27T21:10:01+00:00\" \/>\n<meta property=\"og:image\" content=\"https:\/\/i0.wp.com\/wisniowsky.nl\/wp-content\/uploads\/2024\/05\/favicon512.png?fit=512%2C512&ssl=1\" \/>\n\t<meta property=\"og:image:width\" content=\"512\" \/>\n\t<meta property=\"og:image:height\" content=\"512\" \/>\n\t<meta property=\"og:image:type\" content=\"image\/png\" \/>\n<meta name=\"twitter:card\" content=\"summary_large_image\" \/>\n<script type=\"application\/ld+json\" class=\"yoast-schema-graph\">{\"@context\":\"https:\\\/\\\/schema.org\",\"@graph\":[{\"@type\":\"WebPage\",\"@id\":\"https:\\\/\\\/wisniowsky.nl\\\/nl\\\/over-ons\\\/\",\"url\":\"https:\\\/\\\/wisniowsky.nl\\\/nl\\\/over-ons\\\/\",\"name\":\"Over ons - Accountantskantoor in Nederland | Wisniowsky.nl\",\"isPartOf\":{\"@id\":\"https:\\\/\\\/wisniowsky.nl\\\/nl\\\/#website\"},\"datePublished\":\"2025-11-18T14:46:51+00:00\",\"dateModified\":\"2025-11-27T21:10:01+00:00\",\"description\":\"Wisniowsky.nl is een betrouwbaar administratiekantoor in Nederland met kantoor in Rotterdam. Wij bieden online boekhouding, advies en ondersteuning voor ZZP, BV- en VOF-bedrijven.\",\"breadcrumb\":{\"@id\":\"https:\\\/\\\/wisniowsky.nl\\\/nl\\\/over-ons\\\/#breadcrumb\"},\"inLanguage\":\"nl-NL\",\"potentialAction\":[{\"@type\":\"ReadAction\",\"target\":[\"https:\\\/\\\/wisniowsky.nl\\\/nl\\\/over-ons\\\/\"]}]},{\"@type\":\"BreadcrumbList\",\"@id\":\"https:\\\/\\\/wisniowsky.nl\\\/nl\\\/over-ons\\\/#breadcrumb\",\"itemListElement\":[{\"@type\":\"ListItem\",\"position\":1,\"name\":\"Strona g\u0142\u00f3wna\",\"item\":\"https:\\\/\\\/wisniowsky.nl\\\/nl\\\/\"},{\"@type\":\"ListItem\",\"position\":2,\"name\":\"Over ons\"}]},{\"@type\":\"WebSite\",\"@id\":\"https:\\\/\\\/wisniowsky.nl\\\/nl\\\/#website\",\"url\":\"https:\\\/\\\/wisniowsky.nl\\\/nl\\\/\",\"name\":\"Wisniowsky Administratiekantoor\",\"description\":\"Wszystkie Twoje sprawy w jednym miejscu.\",\"publisher\":{\"@id\":\"https:\\\/\\\/wisniowsky.nl\\\/nl\\\/#organization\"},\"alternateName\":\"Ksi\u0119gowo\u015b\u0107 Holandia\",\"potentialAction\":[{\"@type\":\"SearchAction\",\"target\":{\"@type\":\"EntryPoint\",\"urlTemplate\":\"https:\\\/\\\/wisniowsky.nl\\\/nl\\\/?s={search_term_string}\"},\"query-input\":{\"@type\":\"PropertyValueSpecification\",\"valueRequired\":true,\"valueName\":\"search_term_string\"}}],\"inLanguage\":\"nl-NL\"},{\"@type\":\"Organization\",\"@id\":\"https:\\\/\\\/wisniowsky.nl\\\/nl\\\/#organization\",\"name\":\"Wisniowsky Administratiekantoor\",\"alternateName\":\"Ksi\u0119gowo\u015b\u0107 Holandia\",\"url\":\"https:\\\/\\\/wisniowsky.nl\\\/nl\\\/\",\"logo\":{\"@type\":\"ImageObject\",\"inLanguage\":\"nl-NL\",\"@id\":\"https:\\\/\\\/wisniowsky.nl\\\/nl\\\/#\\\/schema\\\/logo\\\/image\\\/\",\"url\":\"https:\\\/\\\/i0.wp.com\\\/wisniowsky.nl\\\/wp-content\\\/uploads\\\/2024\\\/05\\\/cropped-favicon512.png?fit=512%2C512&quality=80&ssl=1\",\"contentUrl\":\"https:\\\/\\\/i0.wp.com\\\/wisniowsky.nl\\\/wp-content\\\/uploads\\\/2024\\\/05\\\/cropped-favicon512.png?fit=512%2C512&quality=80&ssl=1\",\"width\":512,\"height\":512,\"caption\":\"Wisniowsky Administratiekantoor\"},\"image\":{\"@id\":\"https:\\\/\\\/wisniowsky.nl\\\/nl\\\/#\\\/schema\\\/logo\\\/image\\\/\"},\"sameAs\":[\"https:\\\/\\\/m.facebook.com\\\/p\\\/Wisniowsky-Administratiekantoor-100057598202710\\\/\",\"https:\\\/\\\/www.instagram.com\\\/waknl\\\/\"],\"description\":\"Ksi\u0119gowo\u015b\u0107 firm w Holandii\",\"email\":\"info@wisniowsky.nl\",\"telephone\":\"0851307210\",\"legalName\":\"Wisniowsky Administratiekantoor\",\"foundingDate\":\"2015-02-05\",\"numberOfEmployees\":{\"@type\":\"QuantitativeValue\",\"minValue\":\"1\",\"maxValue\":\"10\"}}]}<\/script>\n<!-- \/ Yoast SEO Premium plugin. -->","yoast_head_json":{"title":"Over ons - Accountantskantoor in Nederland | Wisniowsky.nl","description":"Wisniowsky.nl is een betrouwbaar administratiekantoor in Nederland met kantoor in Rotterdam. Wij bieden online boekhouding, advies en ondersteuning voor ZZP, BV- en VOF-bedrijven.","robots":{"index":"index","follow":"follow","max-snippet":"max-snippet:-1","max-image-preview":"max-image-preview:large","max-video-preview":"max-video-preview:-1"},"canonical":"https:\/\/wisniowsky.nl\/nl\/over-ons\/","og_locale":"nl_NL","og_type":"article","og_title":"Over ons","og_description":"Wisniowsky.nl is een betrouwbaar administratiekantoor in Nederland met kantoor in Rotterdam. Wij bieden online boekhouding, advies en ondersteuning voor ZZP, BV- en VOF-bedrijven.","og_url":"https:\/\/wisniowsky.nl\/nl\/over-ons\/","og_site_name":"Wisniowsky Administratiekantoor","article_publisher":"https:\/\/m.facebook.com\/p\/Wisniowsky-Administratiekantoor-100057598202710\/","article_modified_time":"2025-11-27T21:10:01+00:00","og_image":[{"width":512,"height":512,"url":"https:\/\/i0.wp.com\/wisniowsky.nl\/wp-content\/uploads\/2024\/05\/favicon512.png?fit=512%2C512&ssl=1","type":"image\/png"}],"twitter_card":"summary_large_image","schema":{"@context":"https:\/\/schema.org","@graph":[{"@type":"WebPage","@id":"https:\/\/wisniowsky.nl\/nl\/over-ons\/","url":"https:\/\/wisniowsky.nl\/nl\/over-ons\/","name":"Over ons - Accountantskantoor in Nederland | Wisniowsky.nl","isPartOf":{"@id":"https:\/\/wisniowsky.nl\/nl\/#website"},"datePublished":"2025-11-18T14:46:51+00:00","dateModified":"2025-11-27T21:10:01+00:00","description":"Wisniowsky.nl is een betrouwbaar administratiekantoor in Nederland met kantoor in Rotterdam. Wij bieden online boekhouding, advies en ondersteuning voor ZZP, BV- en VOF-bedrijven.","breadcrumb":{"@id":"https:\/\/wisniowsky.nl\/nl\/over-ons\/#breadcrumb"},"inLanguage":"nl-NL","potentialAction":[{"@type":"ReadAction","target":["https:\/\/wisniowsky.nl\/nl\/over-ons\/"]}]},{"@type":"BreadcrumbList","@id":"https:\/\/wisniowsky.nl\/nl\/over-ons\/#breadcrumb","itemListElement":[{"@type":"ListItem","position":1,"name":"Strona g\u0142\u00f3wna","item":"https:\/\/wisniowsky.nl\/nl\/"},{"@type":"ListItem","position":2,"name":"Over ons"}]},{"@type":"WebSite","@id":"https:\/\/wisniowsky.nl\/nl\/#website","url":"https:\/\/wisniowsky.nl\/nl\/","name":"Wisniowsky Administratiekantoor","description":"Wszystkie Twoje sprawy w jednym miejscu.","publisher":{"@id":"https:\/\/wisniowsky.nl\/nl\/#organization"},"alternateName":"Ksi\u0119gowo\u015b\u0107 Holandia","potentialAction":[{"@type":"SearchAction","target":{"@type":"EntryPoint","urlTemplate":"https:\/\/wisniowsky.nl\/nl\/?s={search_term_string}"},"query-input":{"@type":"PropertyValueSpecification","valueRequired":true,"valueName":"search_term_string"}}],"inLanguage":"nl-NL"},{"@type":"Organization","@id":"https:\/\/wisniowsky.nl\/nl\/#organization","name":"Wisniowsky Administratiekantoor","alternateName":"Ksi\u0119gowo\u015b\u0107 Holandia","url":"https:\/\/wisniowsky.nl\/nl\/","logo":{"@type":"ImageObject","inLanguage":"nl-NL","@id":"https:\/\/wisniowsky.nl\/nl\/#\/schema\/logo\/image\/","url":"https:\/\/i0.wp.com\/wisniowsky.nl\/wp-content\/uploads\/2024\/05\/cropped-favicon512.png?fit=512%2C512&quality=80&ssl=1","contentUrl":"https:\/\/i0.wp.com\/wisniowsky.nl\/wp-content\/uploads\/2024\/05\/cropped-favicon512.png?fit=512%2C512&quality=80&ssl=1","width":512,"height":512,"caption":"Wisniowsky Administratiekantoor"},"image":{"@id":"https:\/\/wisniowsky.nl\/nl\/#\/schema\/logo\/image\/"},"sameAs":["https:\/\/m.facebook.com\/p\/Wisniowsky-Administratiekantoor-100057598202710\/","https:\/\/www.instagram.com\/waknl\/"],"description":"Ksi\u0119gowo\u015b\u0107 firm w Holandii","email":"info@wisniowsky.nl","telephone":"0851307210","legalName":"Wisniowsky Administratiekantoor","foundingDate":"2015-02-05","numberOfEmployees":{"@type":"QuantitativeValue","minValue":"1","maxValue":"10"}}]}},"_links":{"self":[{"href":"https:\/\/wisniowsky.nl\/nl\/wp-json\/wp\/v2\/pages\/1431","targetHints":{"allow":["GET"]}}],"collection":[{"href":"https:\/\/wisniowsky.nl\/nl\/wp-json\/wp\/v2\/pages"}],"about":[{"href":"https:\/\/wisniowsky.nl\/nl\/wp-json\/wp\/v2\/types\/page"}],"author":[{"embeddable":true,"href":"https:\/\/wisniowsky.nl\/nl\/wp-json\/wp\/v2\/users\/1"}],"replies":[{"embeddable":true,"href":"https:\/\/wisniowsky.nl\/nl\/wp-json\/wp\/v2\/comments?post=1431"}],"version-history":[{"count":2,"href":"https:\/\/wisniowsky.nl\/nl\/wp-json\/wp\/v2\/pages\/1431\/revisions"}],"predecessor-version":[{"id":1433,"href":"https:\/\/wisniowsky.nl\/nl\/wp-json\/wp\/v2\/pages\/1431\/revisions\/1433"}],"wp:attachment":[{"href":"https:\/\/wisniowsky.nl\/nl\/wp-json\/wp\/v2\/media?parent=1431"}],"curies":[{"name":"wp","href":"https:\/\/api.w.org\/{rel}","templated":true}]}}