{"id":812,"date":"2024-01-01T19:21:51","date_gmt":"2024-01-01T18:21:51","guid":{"rendered":"https:\/\/wisniowsky.nl\/services\/"},"modified":"2024-01-01T19:21:51","modified_gmt":"2024-01-01T18:21:51","slug":"services","status":"publish","type":"page","link":"https:\/\/wisniowsky.nl\/en\/services\/","title":{"rendered":"Services"},"content":{"rendered":"","protected":false},"excerpt":{"rendered":"","protected":false},"author":1,"featured_media":0,"parent":0,"menu_order":0,"comment_status":"closed","ping_status":"closed","template":"services.php","meta":{"_acf_changed":false,"inline_featured_image":false,"footnotes":""},"class_list":["post-812","page","type-page","status-publish","hentry"],"acf":[],"yoast_head":"<!-- This site is optimized with the Yoast SEO Premium plugin v27.1 (Yoast SEO v27.5) - https:\/\/yoast.com\/product\/yoast-seo-premium-wordpress\/ -->\n<title>Administrative, legal and tax care for companies in the Netherlands<\/title>\n<meta name=\"description\" content=\"Wisniowsky Administratiekantoor will help your company optimize taxes, take care of your administration and legal support. We look forward to working with you!\" \/>\n<meta name=\"robots\" content=\"index, follow, max-snippet:-1, max-image-preview:large, max-video-preview:-1\" \/>\n<link rel=\"canonical\" href=\"https:\/\/wisniowsky.nl\/en\/services\/\" \/>\n<meta property=\"og:locale\" content=\"en_US\" \/>\n<meta property=\"og:type\" content=\"article\" \/>\n<meta property=\"og:title\" content=\"Services\" \/>\n<meta property=\"og:description\" content=\"Wisniowsky Administratiekantoor will help your company optimize taxes, take care of your administration and legal support. We look forward to working with you!\" \/>\n<meta property=\"og:url\" content=\"https:\/\/wisniowsky.nl\/en\/services\/\" \/>\n<meta property=\"og:site_name\" content=\"Wisniowsky Administratiekantoor\" \/>\n<meta property=\"article:publisher\" content=\"https:\/\/m.facebook.com\/p\/Wisniowsky-Administratiekantoor-100057598202710\/\" \/>\n<meta property=\"og:image\" content=\"https:\/\/i0.wp.com\/wisniowsky.nl\/wp-content\/uploads\/2024\/05\/favicon512.png?fit=512%2C512&ssl=1\" \/>\n\t<meta property=\"og:image:width\" content=\"512\" \/>\n\t<meta property=\"og:image:height\" content=\"512\" \/>\n\t<meta property=\"og:image:type\" content=\"image\/png\" \/>\n<meta name=\"twitter:card\" content=\"summary_large_image\" \/>\n<meta name=\"twitter:title\" content=\"Administrative, legal and tax care for companies in the Netherlands\" \/>\n<meta name=\"twitter:description\" content=\"Wisniowsky Administratiekantoor will help your company optimize taxes, take care of your administration and legal support. We look forward to working with you!\" \/>\n<script type=\"application\/ld+json\" class=\"yoast-schema-graph\">{\"@context\":\"https:\\\/\\\/schema.org\",\"@graph\":[{\"@type\":\"WebPage\",\"@id\":\"https:\\\/\\\/wisniowsky.nl\\\/en\\\/services\\\/\",\"url\":\"https:\\\/\\\/wisniowsky.nl\\\/en\\\/services\\\/\",\"name\":\"Administrative, legal and tax care for companies in the Netherlands\",\"isPartOf\":{\"@id\":\"https:\\\/\\\/wisniowsky.nl\\\/en\\\/#website\"},\"datePublished\":\"2024-01-01T18:21:51+00:00\",\"description\":\"Wisniowsky Administratiekantoor will help your company optimize taxes, take care of your administration and legal support. We look forward to working with you!\",\"breadcrumb\":{\"@id\":\"https:\\\/\\\/wisniowsky.nl\\\/en\\\/services\\\/#breadcrumb\"},\"inLanguage\":\"en-US\",\"potentialAction\":[{\"@type\":\"ReadAction\",\"target\":[\"https:\\\/\\\/wisniowsky.nl\\\/en\\\/services\\\/\"]}]},{\"@type\":\"BreadcrumbList\",\"@id\":\"https:\\\/\\\/wisniowsky.nl\\\/en\\\/services\\\/#breadcrumb\",\"itemListElement\":[{\"@type\":\"ListItem\",\"position\":1,\"name\":\"Strona g\u0142\u00f3wna\",\"item\":\"https:\\\/\\\/wisniowsky.nl\\\/en\\\/\"},{\"@type\":\"ListItem\",\"position\":2,\"name\":\"Services\"}]},{\"@type\":\"WebSite\",\"@id\":\"https:\\\/\\\/wisniowsky.nl\\\/en\\\/#website\",\"url\":\"https:\\\/\\\/wisniowsky.nl\\\/en\\\/\",\"name\":\"Wisniowsky Administratiekantoor\",\"description\":\"Wszystkie Twoje sprawy w jednym miejscu.\",\"publisher\":{\"@id\":\"https:\\\/\\\/wisniowsky.nl\\\/en\\\/#organization\"},\"alternateName\":\"Ksi\u0119gowo\u015b\u0107 Holandia\",\"potentialAction\":[{\"@type\":\"SearchAction\",\"target\":{\"@type\":\"EntryPoint\",\"urlTemplate\":\"https:\\\/\\\/wisniowsky.nl\\\/en\\\/?s={search_term_string}\"},\"query-input\":{\"@type\":\"PropertyValueSpecification\",\"valueRequired\":true,\"valueName\":\"search_term_string\"}}],\"inLanguage\":\"en-US\"},{\"@type\":\"Organization\",\"@id\":\"https:\\\/\\\/wisniowsky.nl\\\/en\\\/#organization\",\"name\":\"Wisniowsky Administratiekantoor\",\"alternateName\":\"Ksi\u0119gowo\u015b\u0107 Holandia\",\"url\":\"https:\\\/\\\/wisniowsky.nl\\\/en\\\/\",\"logo\":{\"@type\":\"ImageObject\",\"inLanguage\":\"en-US\",\"@id\":\"https:\\\/\\\/wisniowsky.nl\\\/en\\\/#\\\/schema\\\/logo\\\/image\\\/\",\"url\":\"https:\\\/\\\/i0.wp.com\\\/wisniowsky.nl\\\/wp-content\\\/uploads\\\/2024\\\/05\\\/cropped-favicon512.png?fit=512%2C512&quality=80&ssl=1\",\"contentUrl\":\"https:\\\/\\\/i0.wp.com\\\/wisniowsky.nl\\\/wp-content\\\/uploads\\\/2024\\\/05\\\/cropped-favicon512.png?fit=512%2C512&quality=80&ssl=1\",\"width\":512,\"height\":512,\"caption\":\"Wisniowsky Administratiekantoor\"},\"image\":{\"@id\":\"https:\\\/\\\/wisniowsky.nl\\\/en\\\/#\\\/schema\\\/logo\\\/image\\\/\"},\"sameAs\":[\"https:\\\/\\\/m.facebook.com\\\/p\\\/Wisniowsky-Administratiekantoor-100057598202710\\\/\",\"https:\\\/\\\/www.instagram.com\\\/waknl\\\/\"],\"description\":\"Ksi\u0119gowo\u015b\u0107 firm w Holandii\",\"email\":\"info@wisniowsky.nl\",\"telephone\":\"0851307210\",\"legalName\":\"Wisniowsky Administratiekantoor\",\"foundingDate\":\"2015-02-05\",\"numberOfEmployees\":{\"@type\":\"QuantitativeValue\",\"minValue\":\"1\",\"maxValue\":\"10\"}}]}<\/script>\n<!-- \/ Yoast SEO Premium plugin. -->","yoast_head_json":{"title":"Administrative, legal and tax care for companies in the Netherlands","description":"Wisniowsky Administratiekantoor will help your company optimize taxes, take care of your administration and legal support. We look forward to working with you!","robots":{"index":"index","follow":"follow","max-snippet":"max-snippet:-1","max-image-preview":"max-image-preview:large","max-video-preview":"max-video-preview:-1"},"canonical":"https:\/\/wisniowsky.nl\/en\/services\/","og_locale":"en_US","og_type":"article","og_title":"Services","og_description":"Wisniowsky Administratiekantoor will help your company optimize taxes, take care of your administration and legal support. We look forward to working with you!","og_url":"https:\/\/wisniowsky.nl\/en\/services\/","og_site_name":"Wisniowsky Administratiekantoor","article_publisher":"https:\/\/m.facebook.com\/p\/Wisniowsky-Administratiekantoor-100057598202710\/","og_image":[{"width":512,"height":512,"url":"https:\/\/i0.wp.com\/wisniowsky.nl\/wp-content\/uploads\/2024\/05\/favicon512.png?fit=512%2C512&ssl=1","type":"image\/png"}],"twitter_card":"summary_large_image","twitter_title":"Administrative, legal and tax care for companies in the Netherlands","twitter_description":"Wisniowsky Administratiekantoor will help your company optimize taxes, take care of your administration and legal support. We look forward to working with you!","schema":{"@context":"https:\/\/schema.org","@graph":[{"@type":"WebPage","@id":"https:\/\/wisniowsky.nl\/en\/services\/","url":"https:\/\/wisniowsky.nl\/en\/services\/","name":"Administrative, legal and tax care for companies in the Netherlands","isPartOf":{"@id":"https:\/\/wisniowsky.nl\/en\/#website"},"datePublished":"2024-01-01T18:21:51+00:00","description":"Wisniowsky Administratiekantoor will help your company optimize taxes, take care of your administration and legal support. We look forward to working with you!","breadcrumb":{"@id":"https:\/\/wisniowsky.nl\/en\/services\/#breadcrumb"},"inLanguage":"en-US","potentialAction":[{"@type":"ReadAction","target":["https:\/\/wisniowsky.nl\/en\/services\/"]}]},{"@type":"BreadcrumbList","@id":"https:\/\/wisniowsky.nl\/en\/services\/#breadcrumb","itemListElement":[{"@type":"ListItem","position":1,"name":"Strona g\u0142\u00f3wna","item":"https:\/\/wisniowsky.nl\/en\/"},{"@type":"ListItem","position":2,"name":"Services"}]},{"@type":"WebSite","@id":"https:\/\/wisniowsky.nl\/en\/#website","url":"https:\/\/wisniowsky.nl\/en\/","name":"Wisniowsky Administratiekantoor","description":"Wszystkie Twoje sprawy w jednym miejscu.","publisher":{"@id":"https:\/\/wisniowsky.nl\/en\/#organization"},"alternateName":"Ksi\u0119gowo\u015b\u0107 Holandia","potentialAction":[{"@type":"SearchAction","target":{"@type":"EntryPoint","urlTemplate":"https:\/\/wisniowsky.nl\/en\/?s={search_term_string}"},"query-input":{"@type":"PropertyValueSpecification","valueRequired":true,"valueName":"search_term_string"}}],"inLanguage":"en-US"},{"@type":"Organization","@id":"https:\/\/wisniowsky.nl\/en\/#organization","name":"Wisniowsky Administratiekantoor","alternateName":"Ksi\u0119gowo\u015b\u0107 Holandia","url":"https:\/\/wisniowsky.nl\/en\/","logo":{"@type":"ImageObject","inLanguage":"en-US","@id":"https:\/\/wisniowsky.nl\/en\/#\/schema\/logo\/image\/","url":"https:\/\/i0.wp.com\/wisniowsky.nl\/wp-content\/uploads\/2024\/05\/cropped-favicon512.png?fit=512%2C512&quality=80&ssl=1","contentUrl":"https:\/\/i0.wp.com\/wisniowsky.nl\/wp-content\/uploads\/2024\/05\/cropped-favicon512.png?fit=512%2C512&quality=80&ssl=1","width":512,"height":512,"caption":"Wisniowsky Administratiekantoor"},"image":{"@id":"https:\/\/wisniowsky.nl\/en\/#\/schema\/logo\/image\/"},"sameAs":["https:\/\/m.facebook.com\/p\/Wisniowsky-Administratiekantoor-100057598202710\/","https:\/\/www.instagram.com\/waknl\/"],"description":"Ksi\u0119gowo\u015b\u0107 firm w Holandii","email":"info@wisniowsky.nl","telephone":"0851307210","legalName":"Wisniowsky Administratiekantoor","foundingDate":"2015-02-05","numberOfEmployees":{"@type":"QuantitativeValue","minValue":"1","maxValue":"10"}}]}},"_links":{"self":[{"href":"https:\/\/wisniowsky.nl\/en\/wp-json\/wp\/v2\/pages\/812","targetHints":{"allow":["GET"]}}],"collection":[{"href":"https:\/\/wisniowsky.nl\/en\/wp-json\/wp\/v2\/pages"}],"about":[{"href":"https:\/\/wisniowsky.nl\/en\/wp-json\/wp\/v2\/types\/page"}],"author":[{"embeddable":true,"href":"https:\/\/wisniowsky.nl\/en\/wp-json\/wp\/v2\/users\/1"}],"replies":[{"embeddable":true,"href":"https:\/\/wisniowsky.nl\/en\/wp-json\/wp\/v2\/comments?post=812"}],"version-history":[{"count":0,"href":"https:\/\/wisniowsky.nl\/en\/wp-json\/wp\/v2\/pages\/812\/revisions"}],"wp:attachment":[{"href":"https:\/\/wisniowsky.nl\/en\/wp-json\/wp\/v2\/media?parent=812"}],"curies":[{"name":"wp","href":"https:\/\/api.w.org\/{rel}","templated":true}]}}