{"id":769,"date":"2024-01-02T16:45:13","date_gmt":"2024-01-02T15:45:13","guid":{"rendered":"https:\/\/wisniowsky.nl\/home-page\/"},"modified":"2025-10-27T16:58:26","modified_gmt":"2025-10-27T15:58:26","slug":"home-page","status":"publish","type":"page","link":"https:\/\/wisniowsky.nl\/en\/","title":{"rendered":"Home Page"},"content":{"rendered":"","protected":false},"excerpt":{"rendered":"","protected":false},"author":1,"featured_media":0,"parent":0,"menu_order":0,"comment_status":"closed","ping_status":"closed","template":"","meta":{"_acf_changed":false,"inline_featured_image":false,"footnotes":""},"class_list":["post-769","page","type-page","status-publish","hentry"],"acf":[],"yoast_head":"<!-- This site is optimized with the Yoast SEO Premium plugin v27.1 (Yoast SEO v27.5) - https:\/\/yoast.com\/product\/yoast-seo-premium-wordpress\/ -->\n<title>Professional accounting company in Netherlands<\/title>\n<meta name=\"description\" content=\"Specialized ZZP accounting services in the Netherlands with full transparency. Reliable bookkeeping, tax returns, and support tailored to self-employed professionals.\" \/>\n<meta name=\"robots\" content=\"index, follow, max-snippet:-1, max-image-preview:large, max-video-preview:-1\" \/>\n<link rel=\"canonical\" href=\"https:\/\/wisniowsky.nl\/en\/\" \/>\n<meta property=\"og:locale\" content=\"en_US\" \/>\n<meta property=\"og:type\" content=\"article\" \/>\n<meta property=\"og:title\" content=\"Professional company accounting in the Netherlands - Why use our help?\" \/>\n<meta property=\"og:description\" content=\"Using our accounting services guarantees regulatory compliance, tax optimization, accurate financial reporting and effective cost management. Our team of experts will help you focus on business development, providing peace of mind and financial security for your company in the Netherlands.\" \/>\n<meta property=\"og:url\" content=\"https:\/\/wisniowsky.nl\/en\/\" \/>\n<meta property=\"og:site_name\" content=\"Wisniowsky Administratiekantoor\" \/>\n<meta property=\"article:publisher\" content=\"https:\/\/m.facebook.com\/p\/Wisniowsky-Administratiekantoor-100057598202710\/\" \/>\n<meta property=\"article:modified_time\" content=\"2025-10-27T15:58:26+00:00\" \/>\n<meta property=\"og:image\" content=\"https:\/\/wisniowsky.nl\/wp-content\/uploads\/2024\/01\/home-why.webp\" \/>\n<meta name=\"twitter:card\" content=\"summary_large_image\" \/>\n<meta name=\"twitter:title\" content=\"Home Page\" \/>\n<script type=\"application\/ld+json\" class=\"yoast-schema-graph\">{\"@context\":\"https:\\\/\\\/schema.org\",\"@graph\":[{\"@type\":\"WebPage\",\"@id\":\"https:\\\/\\\/wisniowsky.nl\\\/en\\\/\",\"url\":\"https:\\\/\\\/wisniowsky.nl\\\/en\\\/\",\"name\":\"Professional accounting company in Netherlands\",\"isPartOf\":{\"@id\":\"https:\\\/\\\/wisniowsky.nl\\\/en\\\/#website\"},\"datePublished\":\"2024-01-02T15:45:13+00:00\",\"dateModified\":\"2025-10-27T15:58:26+00:00\",\"description\":\"Specialized ZZP accounting services in the Netherlands with full transparency. Reliable bookkeeping, tax returns, and support tailored to self-employed professionals.\",\"breadcrumb\":{\"@id\":\"https:\\\/\\\/wisniowsky.nl\\\/en\\\/#breadcrumb\"},\"inLanguage\":\"en-US\",\"potentialAction\":[{\"@type\":\"ReadAction\",\"target\":[\"https:\\\/\\\/wisniowsky.nl\\\/en\\\/\"]}]},{\"@type\":\"BreadcrumbList\",\"@id\":\"https:\\\/\\\/wisniowsky.nl\\\/en\\\/#breadcrumb\",\"itemListElement\":[{\"@type\":\"ListItem\",\"position\":1,\"name\":\"Strona g\u0142\u00f3wna\",\"item\":\"https:\\\/\\\/wisniowsky.nl\\\/en\\\/\"},{\"@type\":\"ListItem\",\"position\":2,\"name\":\"Home\"}]},{\"@type\":\"WebSite\",\"@id\":\"https:\\\/\\\/wisniowsky.nl\\\/en\\\/#website\",\"url\":\"https:\\\/\\\/wisniowsky.nl\\\/en\\\/\",\"name\":\"Wisniowsky Administratiekantoor\",\"description\":\"Wszystkie Twoje sprawy w jednym miejscu.\",\"publisher\":{\"@id\":\"https:\\\/\\\/wisniowsky.nl\\\/en\\\/#organization\"},\"alternateName\":\"Ksi\u0119gowo\u015b\u0107 Holandia\",\"potentialAction\":[{\"@type\":\"SearchAction\",\"target\":{\"@type\":\"EntryPoint\",\"urlTemplate\":\"https:\\\/\\\/wisniowsky.nl\\\/en\\\/?s={search_term_string}\"},\"query-input\":{\"@type\":\"PropertyValueSpecification\",\"valueRequired\":true,\"valueName\":\"search_term_string\"}}],\"inLanguage\":\"en-US\"},{\"@type\":\"Organization\",\"@id\":\"https:\\\/\\\/wisniowsky.nl\\\/en\\\/#organization\",\"name\":\"Wisniowsky Administratiekantoor\",\"alternateName\":\"Ksi\u0119gowo\u015b\u0107 Holandia\",\"url\":\"https:\\\/\\\/wisniowsky.nl\\\/en\\\/\",\"logo\":{\"@type\":\"ImageObject\",\"inLanguage\":\"en-US\",\"@id\":\"https:\\\/\\\/wisniowsky.nl\\\/en\\\/#\\\/schema\\\/logo\\\/image\\\/\",\"url\":\"https:\\\/\\\/i0.wp.com\\\/wisniowsky.nl\\\/wp-content\\\/uploads\\\/2024\\\/05\\\/cropped-favicon512.png?fit=512%2C512&quality=80&ssl=1\",\"contentUrl\":\"https:\\\/\\\/i0.wp.com\\\/wisniowsky.nl\\\/wp-content\\\/uploads\\\/2024\\\/05\\\/cropped-favicon512.png?fit=512%2C512&quality=80&ssl=1\",\"width\":512,\"height\":512,\"caption\":\"Wisniowsky Administratiekantoor\"},\"image\":{\"@id\":\"https:\\\/\\\/wisniowsky.nl\\\/en\\\/#\\\/schema\\\/logo\\\/image\\\/\"},\"sameAs\":[\"https:\\\/\\\/m.facebook.com\\\/p\\\/Wisniowsky-Administratiekantoor-100057598202710\\\/\",\"https:\\\/\\\/www.instagram.com\\\/waknl\\\/\"],\"description\":\"Ksi\u0119gowo\u015b\u0107 firm w Holandii\",\"email\":\"info@wisniowsky.nl\",\"telephone\":\"0851307210\",\"legalName\":\"Wisniowsky Administratiekantoor\",\"foundingDate\":\"2015-02-05\",\"numberOfEmployees\":{\"@type\":\"QuantitativeValue\",\"minValue\":\"1\",\"maxValue\":\"10\"}}]}<\/script>\n<!-- \/ Yoast SEO Premium plugin. -->","yoast_head_json":{"title":"Professional accounting company in Netherlands","description":"Specialized ZZP accounting services in the Netherlands with full transparency. Reliable bookkeeping, tax returns, and support tailored to self-employed professionals.","robots":{"index":"index","follow":"follow","max-snippet":"max-snippet:-1","max-image-preview":"max-image-preview:large","max-video-preview":"max-video-preview:-1"},"canonical":"https:\/\/wisniowsky.nl\/en\/","og_locale":"en_US","og_type":"article","og_title":"Professional company accounting in the Netherlands - Why use our help?","og_description":"Using our accounting services guarantees regulatory compliance, tax optimization, accurate financial reporting and effective cost management. Our team of experts will help you focus on business development, providing peace of mind and financial security for your company in the Netherlands.","og_url":"https:\/\/wisniowsky.nl\/en\/","og_site_name":"Wisniowsky Administratiekantoor","article_publisher":"https:\/\/m.facebook.com\/p\/Wisniowsky-Administratiekantoor-100057598202710\/","article_modified_time":"2025-10-27T15:58:26+00:00","og_image":[{"url":"https:\/\/wisniowsky.nl\/wp-content\/uploads\/2024\/01\/home-why.webp","type":"","width":"","height":""}],"twitter_card":"summary_large_image","twitter_title":"Home Page","schema":{"@context":"https:\/\/schema.org","@graph":[{"@type":"WebPage","@id":"https:\/\/wisniowsky.nl\/en\/","url":"https:\/\/wisniowsky.nl\/en\/","name":"Professional accounting company in Netherlands","isPartOf":{"@id":"https:\/\/wisniowsky.nl\/en\/#website"},"datePublished":"2024-01-02T15:45:13+00:00","dateModified":"2025-10-27T15:58:26+00:00","description":"Specialized ZZP accounting services in the Netherlands with full transparency. Reliable bookkeeping, tax returns, and support tailored to self-employed professionals.","breadcrumb":{"@id":"https:\/\/wisniowsky.nl\/en\/#breadcrumb"},"inLanguage":"en-US","potentialAction":[{"@type":"ReadAction","target":["https:\/\/wisniowsky.nl\/en\/"]}]},{"@type":"BreadcrumbList","@id":"https:\/\/wisniowsky.nl\/en\/#breadcrumb","itemListElement":[{"@type":"ListItem","position":1,"name":"Strona g\u0142\u00f3wna","item":"https:\/\/wisniowsky.nl\/en\/"},{"@type":"ListItem","position":2,"name":"Home"}]},{"@type":"WebSite","@id":"https:\/\/wisniowsky.nl\/en\/#website","url":"https:\/\/wisniowsky.nl\/en\/","name":"Wisniowsky Administratiekantoor","description":"Wszystkie Twoje sprawy w jednym miejscu.","publisher":{"@id":"https:\/\/wisniowsky.nl\/en\/#organization"},"alternateName":"Ksi\u0119gowo\u015b\u0107 Holandia","potentialAction":[{"@type":"SearchAction","target":{"@type":"EntryPoint","urlTemplate":"https:\/\/wisniowsky.nl\/en\/?s={search_term_string}"},"query-input":{"@type":"PropertyValueSpecification","valueRequired":true,"valueName":"search_term_string"}}],"inLanguage":"en-US"},{"@type":"Organization","@id":"https:\/\/wisniowsky.nl\/en\/#organization","name":"Wisniowsky Administratiekantoor","alternateName":"Ksi\u0119gowo\u015b\u0107 Holandia","url":"https:\/\/wisniowsky.nl\/en\/","logo":{"@type":"ImageObject","inLanguage":"en-US","@id":"https:\/\/wisniowsky.nl\/en\/#\/schema\/logo\/image\/","url":"https:\/\/i0.wp.com\/wisniowsky.nl\/wp-content\/uploads\/2024\/05\/cropped-favicon512.png?fit=512%2C512&quality=80&ssl=1","contentUrl":"https:\/\/i0.wp.com\/wisniowsky.nl\/wp-content\/uploads\/2024\/05\/cropped-favicon512.png?fit=512%2C512&quality=80&ssl=1","width":512,"height":512,"caption":"Wisniowsky Administratiekantoor"},"image":{"@id":"https:\/\/wisniowsky.nl\/en\/#\/schema\/logo\/image\/"},"sameAs":["https:\/\/m.facebook.com\/p\/Wisniowsky-Administratiekantoor-100057598202710\/","https:\/\/www.instagram.com\/waknl\/"],"description":"Ksi\u0119gowo\u015b\u0107 firm w Holandii","email":"info@wisniowsky.nl","telephone":"0851307210","legalName":"Wisniowsky Administratiekantoor","foundingDate":"2015-02-05","numberOfEmployees":{"@type":"QuantitativeValue","minValue":"1","maxValue":"10"}}]}},"_links":{"self":[{"href":"https:\/\/wisniowsky.nl\/en\/wp-json\/wp\/v2\/pages\/769","targetHints":{"allow":["GET"]}}],"collection":[{"href":"https:\/\/wisniowsky.nl\/en\/wp-json\/wp\/v2\/pages"}],"about":[{"href":"https:\/\/wisniowsky.nl\/en\/wp-json\/wp\/v2\/types\/page"}],"author":[{"embeddable":true,"href":"https:\/\/wisniowsky.nl\/en\/wp-json\/wp\/v2\/users\/1"}],"replies":[{"embeddable":true,"href":"https:\/\/wisniowsky.nl\/en\/wp-json\/wp\/v2\/comments?post=769"}],"version-history":[{"count":2,"href":"https:\/\/wisniowsky.nl\/en\/wp-json\/wp\/v2\/pages\/769\/revisions"}],"predecessor-version":[{"id":772,"href":"https:\/\/wisniowsky.nl\/en\/wp-json\/wp\/v2\/pages\/769\/revisions\/772"}],"wp:attachment":[{"href":"https:\/\/wisniowsky.nl\/en\/wp-json\/wp\/v2\/media?parent=769"}],"curies":[{"name":"wp","href":"https:\/\/api.w.org\/{rel}","templated":true}]}}